{"id":203,"date":"2022-06-28T21:48:03","date_gmt":"2022-06-28T21:48:03","guid":{"rendered":"https:\/\/glasniidei.mk\/?page_id=203"},"modified":"2022-08-15T20:46:06","modified_gmt":"2022-08-15T18:46:06","slug":"%d0%b7%d0%b0-%d0%bd%d0%b0%d1%81","status":"publish","type":"page","link":"https:\/\/glasniidei.mk\/?page_id=203","title":{"rendered":"\u0417\u0430 \u043d\u0430\u0441"},"content":{"rendered":"<div id=\"tdi_1\" class=\"tdc-zone\"><div class=\"tdc_zone tdi_2  wpb_row td-pb-row\"  >\n<style scoped>\n\/* custom css - generated by TagDiv Composer *\/\n\n\/* custom css - generated by TagDiv Composer *\/\n\/* custom css - generated by TagDiv Composer *\/\n.tdi_2{\r\n                    min-height: 0;\r\n                }\n<\/style><div id=\"tdi_3\" class=\"tdc-row\"><div class=\"vc_row tdi_4  wpb_row td-pb-row\" >\n<style scoped>\n\/* custom css - generated by TagDiv Composer *\/\n\n\/* custom css - generated by TagDiv Composer *\/\n\/* custom css - generated by TagDiv Composer *\/\n.tdi_4,\r\n                .tdi_4 .tdc-columns{\r\n                    min-height: 0;\r\n                }.tdi_4,\r\n\t\t\t\t.tdi_4 .tdc-columns{\r\n\t\t\t\t    display: block;\r\n\t\t\t\t}.tdi_4 .tdc-columns{\r\n\t\t\t\t    width: 100%;\r\n\t\t\t\t}\n<\/style><div class=\"vc_column tdi_6  wpb_column vc_column_container tdc-column td-pb-span12\">\n<style scoped>\n\/* custom css - generated by TagDiv Composer *\/\n\n\/* custom css - generated by TagDiv Composer *\/\n\/* custom css - generated by TagDiv Composer *\/\n.tdi_6{\r\n                    vertical-align: baseline;\r\n                }.tdi_6 > .wpb_wrapper,\r\n\t\t\t\t.tdi_6 > .wpb_wrapper > .tdc-elements{\r\n\t\t\t\t    display: block;\r\n\t\t\t\t}.tdi_6 > .wpb_wrapper > .tdc-elements{\r\n\t\t\t\t    width: 100%;\r\n\t\t\t\t}.tdi_6 > .wpb_wrapper > .vc_row_inner{\r\n\t\t\t\t    width: auto;\r\n\t\t\t\t}.tdi_6 > .wpb_wrapper{\r\n\t\t\t\t    width: auto;\r\n\t\t\t\t    height: auto;\r\n\t\t\t\t}\n<\/style><div class=\"wpb_wrapper\" ><div class=\"wpb_wrapper td_block_empty_space td_block_wrap vc_empty_space tdi_8 \"  style=\"height: 32px\"><\/div><\/div><\/div><\/div><\/div><div id=\"tdi_9\" class=\"tdc-row\"><div class=\"vc_row tdi_10  wpb_row td-pb-row\" >\n<style scoped>\n\/* custom css - generated by TagDiv Composer *\/\n\n\/* custom css - generated by TagDiv Composer *\/\n\/* custom css - generated by TagDiv Composer *\/\n.tdi_10,\r\n                .tdi_10 .tdc-columns{\r\n                    min-height: 0;\r\n                }.tdi_10,\r\n\t\t\t\t.tdi_10 .tdc-columns{\r\n\t\t\t\t    display: block;\r\n\t\t\t\t}.tdi_10 .tdc-columns{\r\n\t\t\t\t    width: 100%;\r\n\t\t\t\t}\n<\/style><div class=\"vc_column tdi_12  wpb_column vc_column_container tdc-column td-pb-span12\">\n<style scoped>\n\/* custom css - generated by TagDiv Composer *\/\n\n\/* custom css - generated by TagDiv Composer *\/\n\/* custom css - generated by TagDiv Composer *\/\n.tdi_12{\r\n                    vertical-align: baseline;\r\n                }.tdi_12 > .wpb_wrapper,\r\n\t\t\t\t.tdi_12 > .wpb_wrapper > .tdc-elements{\r\n\t\t\t\t    display: block;\r\n\t\t\t\t}.tdi_12 > .wpb_wrapper > .tdc-elements{\r\n\t\t\t\t    width: 100%;\r\n\t\t\t\t}.tdi_12 > .wpb_wrapper > .vc_row_inner{\r\n\t\t\t\t    width: auto;\r\n\t\t\t\t}.tdi_12 > .wpb_wrapper{\r\n\t\t\t\t    width: auto;\r\n\t\t\t\t    height: auto;\r\n\t\t\t\t}\n<\/style><div class=\"wpb_wrapper\" ><div class=\"td_block_wrap td_block_text_with_title tdi_13 tagdiv-type td-pb-border-top td_block_template_1\"  data-td-block-uid=\"tdi_13\" >\n<style>\n\/* custom css - generated by TagDiv Composer *\/\n\n<\/style>\n<style>\n\/* custom css - generated by TagDiv Composer *\/\n\/* custom css - generated by TagDiv Composer *\/\n.td_block_text_with_title{\r\n                  margin-bottom: 44px;\r\n                  -webkit-transform: translateZ(0);\r\n                  transform: translateZ(0);\r\n                }.td_block_text_with_title p:last-child{\r\n                  margin-bottom: 0;\r\n                }\n<\/style><div class=\"td-block-title-wrap\"><h4 class=\"block-title td-block-title\"><span class=\"td-pulldown-size\">\u0417\u0430 \u0413\u043b\u0430\u0441\u043d\u0438 \u0418\u0434\u0435\u0438<\/span><\/h4><\/div><div class=\"td_mod_wrap td-fix-index\"><p align=\"justify\">\u041f\u043e\u0434\u043a\u0430\u0441\u0442\u043e\u0442 <strong>\u0413\u043b\u0430\u0441\u043d\u0438 \u0438\u0434\u0435\u0438<\/strong> \u043d\u0430\u0441\u0442\u0430\u043d\u0430 \u043a\u0430\u043a\u043e \u0438\u043d\u0438\u0446\u0438\u0458\u0430\u0442\u0438\u0432\u0430 \u0434\u0430 \u0441\u0435 \u0441\u043b\u0443\u0448\u043d\u0430\u0442 \u043e\u0431\u0435\u0441\u043f\u0440\u0430\u0432\u0435\u043d\u0438\u0442\u0435 \u0440\u0430\u0431\u043e\u0442\u043d\u0438\u0446\u0438, \u0434\u0430 \u0441\u0435 \u0438\u0441\u0442\u0430\u043a\u043d\u0430\u0442 \u043f\u043e\u0442\u0440\u0435\u0431\u0438\u0442\u0435 \u043d\u0430 \u0441\u043e\u0446\u0438\u0458\u0430\u043b\u043d\u043e \u0437\u0430\u0433\u0440\u043e\u0437\u0435\u043d\u0438\u0442\u0435 \u043b\u0438\u0446\u0430, \u0438 \u0434\u0430 \u0441\u0435 \u043f\u043e\u0442\u0435\u043d\u0446\u0438\u0440\u0430\u0430\u0442 \u043f\u0440\u043e\u0431\u043b\u0435\u043c\u0438\u0442\u0435 \u043a\u043e\u0438 \u0433\u0438 \u0437\u0430\u0441\u0435\u0433\u0430\u0430\u0442 \u0441\u0438\u0442\u0435 \u043b\u0443\u0453\u0435, \u0430 \u043a\u043e\u0438 \u043d\u0435 \u0441\u0442\u0438\u0433\u0430\u0442 \u0434\u043e \u043d\u0430\u0458\u0430\u0432\u043d\u0438\u0442\u0435 \u0448\u043f\u0438\u0446\u0438 \u043d\u0430 \u0432\u0435\u0441\u0442\u0438\u0442\u0435 \u0438 \u043d\u0435 \u0441\u0435 \u0442\u043e\u043f \u0442\u0435\u043c\u0430 \u0432\u043e \u0438\u043d\u0442\u0435\u0440\u043d\u0435\u0442 \u043f\u0440\u043e\u0441\u0442\u043e\u0440\u043e\u0442.<\/p>\n<p align=\"justify\"><strong><a name=\"_GoBack\"><\/a>\u0413\u043b\u0430\u0441\u043d\u0438 \u0438\u0434\u0435\u0438<\/strong> \u0435 \u0435\u043c\u0430\u043d\u0446\u0438\u043f\u0430\u0442\u043e\u0440\u0441\u043a\u0430 \u0438 \u043e\u0440\u0433\u0430\u043d\u0438\u0437\u0430\u0446\u0438\u0441\u043a\u0430 \u0430\u043b\u0430\u0442\u043a\u0430 \u043d\u0430 \u0433\u0440\u0443\u043f\u0430 \u0430\u043a\u0442\u0438\u0432\u0438\u0441\u0442\u0438 \u0441\u043e \u0441\u043e\u0446\u0438\u0458\u0430\u043b\u0438\u0441\u0442\u0438\u0447\u043a\u0438 \u043f\u043e\u0433\u043b\u0435\u0434 \u043d\u0430 \u0441\u0442\u0432\u0430\u0440\u043d\u043e\u0441\u0442\u0430 &#8211; \u043a\u043e\u0458\u0430 \u0435 \u043d\u0430\u0448\u043c\u0438\u043d\u043a\u0430\u043d\u0430 \u0438\u043b\u0438 \u043f\u043e\u0434 \u0442\u0435\u0448\u043a\u0438 \u0441\u043b\u043e\u0435\u0432\u0438 \u043c\u0430\u0433\u043b\u0430, \u0431\u043b\u0430\u0433\u043e\u0434\u0430\u0440\u0435\u043d\u0438\u0435 \u043d\u0430 \u0432\u043b\u0430\u0434\u0435\u0458\u0430\u0447\u043a\u0430\u0442\u0430 \u0438\u0434\u0435\u043e\u043b\u043e\u0433\u0438\u0458\u0430. \u0418 \u0434\u043e\u0434\u0435\u043a\u0430 \u043e\u0441\u0442\u0430\u043d\u0430\u0442\u0438\u0442\u0435 \u043c\u0435\u0434\u0438\u0443\u043c\u0438 \u0433\u0440\u0435\u0431\u0430\u0442 \u043f\u043e \u043f\u043e\u0432\u0440\u0448\u0438\u043d\u0430\u0442\u0430 \u043d\u0430 \u043f\u0440\u043e\u0431\u043b\u0435\u043c\u0438\u0442\u0435 \u0438\u043b\u0438 \u043f\u0440\u0438\u043a\u0430\u0436\u0443\u0432\u0430\u0430\u0442 \u0441\u043e\u0441\u0435\u043c\u0430 \u0438\u0441\u043a\u0440\u0438\u0432\u0435\u043d\u0430 \u0441\u043b\u0438\u043a\u0430 \u0437\u0430 \u0441\u043e\u0441\u0442\u043e\u0458\u0431\u0438\u0442\u0435, <strong>\u0413\u043b\u0430\u0441\u043d\u0438 \u0438\u0434\u0435\u0438<\/strong> \u043d\u0438\u0437 \u0434\u0435\u0431\u0430\u0442\u043d\u0438 \u0435\u043c\u0438\u0441\u0438\u0438, \u043f\u0438\u0448\u0430\u043d\u0438 \u0438 \u0432\u0438\u0434\u0435\u043e \u0438\u043d\u0442\u0435\u0440\u0432\u0458\u0443\u0430, \u043a\u043e\u043b\u0443\u043c\u043d\u0438 \u0438 \u0440\u0435\u043f\u043e\u0440\u0442\u0430\u0436\u0438 &#8211; \u0441\u0435\u043a\u043e\u0433\u0430\u0448 \u0441\u0435 \u0442\u0440\u0443\u0434\u0438 \u0434\u0430 \u0434\u0430\u0434\u0435 \u043a\u043b\u0430\u0441\u043d\u0430 \u0430\u043d\u0430\u043b\u0438\u0437\u0430 \u043d\u0430 \u0441\u043e\u0441\u0442\u043e\u0458\u0431\u0438\u0442\u0435 \u0438 \u043f\u043e\u0438\u043d\u0430\u043a\u0432\u0430 \u043f\u0435\u0440\u0441\u043f\u0435\u043a\u0442\u0438\u0432\u0430 \u0437\u0430 \u0438\u0434\u043d\u0438\u043d\u0430\u0442\u0430.<\/p>\n<p align=\"justify\">\u0421\u0435 \u0440\u0430\u0431\u043e\u0442\u0438 \u0437\u0430 \u043d\u043e\u0432 \u0442\u0438\u043f \u043d\u0430 \u043f\u043e\u0434\u043a\u0430\u0441\u0442 &#8211; \u0430\u043a\u0442\u0438\u0432\u0438\u0441\u0442\u0438\u0447\u043a\u0438 \u043f\u043e\u0434\u043a\u0430\u0441\u0442, \u043d\u0435\u0437\u0430\u0432\u0438\u0441\u0435\u043d \u043e\u0434 \u043f\u043e\u043b\u0438\u0442\u0438\u0447\u043a\u0438\u0442\u0435 \u0446\u0435\u043d\u0442\u0440\u0438 \u043d\u0430 \u043c\u043e\u045c. \u0422\u0443\u043a\u043c\u0443 \u0432\u0440\u0437 \u043e\u0441\u043d\u043e\u0432\u0430 \u043d\u0430 \u0442\u0430\u043a\u0432\u0430\u0442\u0430 \u043d\u0435\u0437\u0430\u0432\u0438\u0441\u043d\u043e\u0441\u0442, <strong>\u0413\u043b\u0430\u0441\u043d\u0438 \u0438\u0434\u0435\u0438<\/strong> \u0433\u043e \u043f\u0440\u0435\u043d\u0435\u0441\u0443\u0432\u0430 \u0433\u043b\u0430\u0441\u043e\u0442 \u043d\u0430 \u043e\u0431\u0435\u0437\u0433\u043b\u0430\u0441\u0435\u043d\u0438\u0442\u0435, \u0430 \u0442\u043e\u0430 \u0441\u0435 \u043c\u043b\u0430\u0434\u0438\u0442\u0435, \u0441\u0442\u0443\u0434\u0435\u043d\u0442\u0438\u0442\u0435, \u0440\u0430\u0431\u043e\u0442\u043d\u0438\u0446\u0438\u0442\u0435 \u0438 \u043c\u0430\u0440\u0433\u0438\u043d\u0430\u043b\u0438\u0437\u0438\u0440\u0430\u043d\u0438\u0442\u0435 \u0437\u0430\u0435\u0434\u043d\u0438\u0446\u0438.<\/p>\n<p align=\"justify\"><strong>\u0413\u043b\u0430\u0441\u043d\u0438 \u0438\u0434\u0435\u0438<\/strong> \u0433\u043e \u043f\u0440\u0435\u0442\u0441\u0442\u0430\u0432\u0443\u0432\u0430 \u0442\u0438\u0432\u043a\u043e\u0442\u043e \u043c\u043d\u043e\u0437\u0438\u043d\u0441\u0442\u0432\u043e, \u043e\u0431\u0438\u0447\u043d\u0438 \u043b\u0443\u0453\u0435 \u043a\u043e\u0438 \u0441\u0435 \u043f\u043e\u0432\u0435\u045c\u0435 \u045c\u0435 \u0441\u0442\u0430\u043d\u0443\u0432\u0430\u0430\u0442 \u0433\u043b\u0430\u0441\u043d\u0438 \u043f\u0440\u0435\u0434 \u043d\u0435\u043f\u0440\u0430\u0432\u0434\u0438\u0442\u0435 \u0438 \u043d\u0435\u0435\u0434\u043d\u0430\u043a\u0432\u043e\u0441\u0442\u0430.<\/p>\n<\/div><\/div><\/div><\/div><\/div><\/div><\/div><\/div>\n\n<div id=\"tdi_14\" class=\"tdc-zone\"><div class=\"tdc_zone tdi_15  wpb_row td-pb-row\"  >\n<style scoped>\n\/* custom css - generated by TagDiv Composer *\/\n\n\/* custom css - generated by TagDiv Composer *\/\n\/* custom css - generated by TagDiv Composer *\/\n.tdi_15{\r\n                    min-height: 0;\r\n                }\n<\/style><div id=\"tdi_16\" class=\"tdc-row\"><div class=\"vc_row tdi_17  wpb_row td-pb-row\" >\n<style scoped>\n\/* custom css - generated by TagDiv Composer *\/\n\n\/* custom css - generated by TagDiv Composer *\/\n\/* custom css - generated by TagDiv Composer *\/\n.tdi_17,\r\n                .tdi_17 .tdc-columns{\r\n                    min-height: 0;\r\n                }.tdi_17,\r\n\t\t\t\t.tdi_17 .tdc-columns{\r\n\t\t\t\t    display: block;\r\n\t\t\t\t}.tdi_17 .tdc-columns{\r\n\t\t\t\t    width: 100%;\r\n\t\t\t\t}\n<\/style><div class=\"vc_column tdi_19  wpb_column vc_column_container tdc-column td-pb-span12\">\n<style scoped>\n\/* custom css - generated by TagDiv Composer *\/\n\n\/* custom css - generated by TagDiv Composer *\/\n\/* custom css - generated by TagDiv Composer *\/\n.tdi_19{\r\n                    vertical-align: baseline;\r\n                }.tdi_19 > .wpb_wrapper,\r\n\t\t\t\t.tdi_19 > .wpb_wrapper > .tdc-elements{\r\n\t\t\t\t    display: block;\r\n\t\t\t\t}.tdi_19 > .wpb_wrapper > .tdc-elements{\r\n\t\t\t\t    width: 100%;\r\n\t\t\t\t}.tdi_19 > .wpb_wrapper > .vc_row_inner{\r\n\t\t\t\t    width: auto;\r\n\t\t\t\t}.tdi_19 > .wpb_wrapper{\r\n\t\t\t\t    width: auto;\r\n\t\t\t\t    height: auto;\r\n\t\t\t\t}\n<\/style><div class=\"wpb_wrapper\" ><\/div><\/div><\/div><\/div><div id=\"tdi_20\" class=\"tdc-row\"><div class=\"vc_row tdi_21  wpb_row td-pb-row\" >\n<style scoped>\n\/* custom css - generated by TagDiv Composer *\/\n\n\/* custom css - generated by TagDiv Composer *\/\n\/* custom css - generated by TagDiv Composer *\/\n.tdi_21,\r\n                .tdi_21 .tdc-columns{\r\n                    min-height: 0;\r\n                }.tdi_21,\r\n\t\t\t\t.tdi_21 .tdc-columns{\r\n\t\t\t\t    display: block;\r\n\t\t\t\t}.tdi_21 .tdc-columns{\r\n\t\t\t\t    width: 100%;\r\n\t\t\t\t}\n<\/style><div class=\"vc_column tdi_23  wpb_column vc_column_container tdc-column td-pb-span12\">\n<style scoped>\n\/* custom css - generated by TagDiv Composer *\/\n\n\/* custom css - generated by TagDiv Composer *\/\n\/* custom css - generated by TagDiv Composer *\/\n.tdi_23{\r\n                    vertical-align: baseline;\r\n                }.tdi_23 > .wpb_wrapper,\r\n\t\t\t\t.tdi_23 > .wpb_wrapper > .tdc-elements{\r\n\t\t\t\t    display: block;\r\n\t\t\t\t}.tdi_23 > .wpb_wrapper > .tdc-elements{\r\n\t\t\t\t    width: 100%;\r\n\t\t\t\t}.tdi_23 > .wpb_wrapper > .vc_row_inner{\r\n\t\t\t\t    width: auto;\r\n\t\t\t\t}.tdi_23 > .wpb_wrapper{\r\n\t\t\t\t    width: auto;\r\n\t\t\t\t    height: auto;\r\n\t\t\t\t}\n<\/style><div class=\"wpb_wrapper\" ><div class=\"td_block_wrap td_block_text_with_title tdi_24 tagdiv-type td-pb-border-top td_block_template_1\"  data-td-block-uid=\"tdi_24\" >\n<style>\n\/* custom css - generated by TagDiv Composer *\/\n\n<\/style>\n<style>\n\/* custom css - generated by TagDiv Composer *\/\n\/* custom css - generated by TagDiv Composer *\/\n\n<\/style><div class=\"td-block-title-wrap\"><h4 class=\"block-title td-block-title\"><span class=\"td-pulldown-size\">P\u00ebr ide t\u00eb z\u00ebshme<\/span><\/h4><\/div><div class=\"td_mod_wrap td-fix-index\"><p><span style=\"font-weight: 400;\">Podkasti<\/span><b> Ide t\u00eb z\u00ebshme<\/b><span style=\"font-weight: 400;\"> u krijua si nj\u00eb iniciativ\u00eb p\u00ebr t\u00eb d\u00ebgjuar pun\u00ebtor\u00ebt e padrejt\u00ebsuar, p\u00ebr t\u00eb nxjerr\u00eb n\u00eb pah nevojat e njer\u00ebzve t\u00eb rrezikuar social dhe p\u00ebr t\u00eb theksuar problemet q\u00eb prekin t\u00eb gjith\u00eb njer\u00ebzit, t\u00eb cilat nuk arrijn\u00eb n\u00eb titujt e lajmeve dhe nuk jan\u00eb top tem\u00eb e nxeht\u00eb n\u00eb hap\u00ebsir\u00ebn e internetit.<\/span><\/p>\n<p align=\"justify\"><strong><a name=\"_GoBack\"><\/a><b>Ide t\u00eb z\u00ebshme<\/b><span style=\"font-weight: 400;\">, \u00ebsht\u00eb nj\u00eb mjet emancipues dhe organizativ i nj\u00eb grupi aktivist\u00ebsh, me nj\u00eb k\u00ebndv\u00ebshtrim socialist t\u00eb realitetit &#8211;\u00a0 e q\u00eb \u00ebsht\u00eb e grimuar ose n\u00ebn shtresa t\u00eb r\u00ebnda mjegulle, fal\u00eb ideologjis\u00eb sunduese. Dhe p\u00ebr derisa\u00a0 mediat tjera g\u00ebrvishtin sip\u00ebrfaqen e problemeve, ose paraqesin nj\u00eb pamje krejt\u00ebsisht t\u00eb shtremb\u00ebruar t\u00eb situat\u00ebs<\/span><b>, Ide t\u00eb z\u00ebshme<\/b><span style=\"font-weight: 400;\"> p\u00ebrmes emisioneve debative, intervistave t\u00eb shkruara dhe video, kollumnave dhe reportazheve\u00a0 &#8211; gjithmon\u00eb p\u00ebrpiqet t\u00eb ofroj\u00eb nj\u00eb analiz\u00eb klasore t\u00eb situatave dhe\u00a0 k\u00ebndv\u00ebshtrim t\u00eb ndrysh\u00ebm p\u00ebr t\u00eb ardhmen.<\/span><\/strong><\/p>\n<p><span style=\"font-weight: 400;\">\u00cbsht\u00eb nj\u00eb lloj i ri podcast &#8211; nj\u00eb podcast aktivist, i pavarur nga qendrat politike t\u00eb pushtetit. Pik\u00ebrisht mbi baz\u00ebn e nj\u00eb pavar\u00ebsie t\u00eb till\u00eb<\/span><b>, Ide t\u00eb z\u00ebshme<\/b><span style=\"font-weight: 400;\"> transmeton z\u00ebrin e atyre q\u00eb nuk kan\u00eb z\u00eb, p\u00ebrkat\u00ebsisht t\u00eb rinjve, student\u00ebve, pun\u00ebtor\u00ebve dhe komuniteteve t\u00eb margjinalizuara.<\/span><\/p>\n<p align=\"justify\"><b>Ide t\u00eb z\u00ebshme<\/b><span style=\"font-weight: 400;\"> p\u00ebrfaq\u00ebson shumic\u00ebn e heshtur, njer\u00ebzit e zakonsh\u00ebm q\u00eb do t\u00eb b\u00ebhen gjithnj\u00eb e m\u00eb t\u00eb z\u00ebsh\u00ebm p\u00ebrball\u00eb padrejt\u00ebsis\u00eb dhe pabarazis\u00eb.<\/span><\/p>\n<p align=\"justify\">\n<\/div><\/div><\/div><\/div><\/div><\/div><\/div><\/div>","protected":false},"excerpt":{"rendered":"","protected":false},"author":1,"featured_media":0,"parent":0,"menu_order":0,"comment_status":"closed","ping_status":"closed","template":"","meta":{"episode_type":"","audio_file":"","cover_image":"","cover_image_id":"","duration":"","filesize":"","date_recorded":"","explicit":"","block":"","filesize_raw":"","footnotes":""},"class_list":["post-203","page","type-page","status-publish"],"_links":{"self":[{"href":"https:\/\/glasniidei.mk\/index.php?rest_route=\/wp\/v2\/pages\/203","targetHints":{"allow":["GET"]}}],"collection":[{"href":"https:\/\/glasniidei.mk\/index.php?rest_route=\/wp\/v2\/pages"}],"about":[{"href":"https:\/\/glasniidei.mk\/index.php?rest_route=\/wp\/v2\/types\/page"}],"author":[{"embeddable":true,"href":"https:\/\/glasniidei.mk\/index.php?rest_route=\/wp\/v2\/users\/1"}],"replies":[{"embeddable":true,"href":"https:\/\/glasniidei.mk\/index.php?rest_route=%2Fwp%2Fv2%2Fcomments&post=203"}],"version-history":[{"count":11,"href":"https:\/\/glasniidei.mk\/index.php?rest_route=\/wp\/v2\/pages\/203\/revisions"}],"predecessor-version":[{"id":10655,"href":"https:\/\/glasniidei.mk\/index.php?rest_route=\/wp\/v2\/pages\/203\/revisions\/10655"}],"wp:attachment":[{"href":"https:\/\/glasniidei.mk\/index.php?rest_route=%2Fwp%2Fv2%2Fmedia&parent=203"}],"curies":[{"name":"wp","href":"https:\/\/api.w.org\/{rel}","templated":true}]}}